{"id":37,"date":"2022-07-26T21:48:27","date_gmt":"2022-07-26T19:48:27","guid":{"rendered":"https:\/\/coaching-vonfraunberg.com\/es\/?page_id=37"},"modified":"2025-08-12T20:47:06","modified_gmt":"2025-08-12T18:47:06","slug":"aviso-legal","status":"publish","type":"page","link":"https:\/\/coaching-vonfraunberg.com\/es\/aviso-legal\/","title":{"rendered":"Aviso legal"},"content":{"rendered":"\n<h1 class=\"wp-block-heading\">Aviso legal<\/h1>\n\n\n\n<section class=\"wp-block-group single-track is-layout-flow wp-block-group-is-layout-flow\">\n<h2 class=\"wp-block-heading\">Identidad de la titular y responsable de la web<\/h2>\n\n\n\n<p>Propietaria del sitio web<br>Franziska von Fraunberg<\/p>\n\n\n\n<p><strong>Contacto<\/strong><br>Coaching von Fraunberg<br>Kanalstr. 3B<br>82362 Weilheim<\/p>\n\n\n\n<p>Tel\u00e9fono: <a href=\"Tel: +49 176 24347876\">+4917624347876<\/a><br>Email: <a class=\"highlighted\" href=\"mailto:info@coaching-vonfraunberg.com\">info@coaching-vonfraunberg.com<\/a><\/p>\n\n\n\n<p><strong>Concepto y dise\u00f1o<\/strong><br><a class=\"highlighted\" rel=\"noopener noreferrer\" href=\"http:\/\/peilstoecker-design.de\" target=\"blank\">peilst\u00f6cker design: Claus Peilst\u00f6cker &gt;<\/a><\/p>\n\n\n\n<p><strong>Programaci\u00f3n<\/strong><br><a class=\"highlighted\" href=\"http:\/\/datenwege-informatik.de\" target=\"blank\" rel=\"noopener noreferrer\">Datenwege Informatik: Gernot Daum &gt;<\/a><\/p>\n<\/section>\n\n\n\n<section class=\"wp-block-group single-track is-layout-flow wp-block-group-is-layout-flow\">\n<h2 class=\"wp-block-heading\">Exenci\u00f3n de responsabilidad<\/h2>\n\n\n\n<h3 class=\"wp-block-heading\">Responsabilidad por el contenido<\/h3>\n\n\n\n<p>El contenido de nuestro sitio web fue creado con el mayor cuidado. No obstante, no podemos garantizar que el contenido sea correcto, completo y actualizado.<\/p>\n\n\n\n<p>Como proveedor de servicios, somos responsables de nuestro propio contenido en estas p\u00e1ginas de conformidad con lo dispuesto la normativa vigente. En virtud de los preceptos legales en vigor, nosotros como proveedores de servicios no estamos obligados a monitorear la informaci\u00f3n externa transmitida o almacenada ni a investigar circunstancias que muestren indicios de una actividad ilegal.<\/p>\n\n\n\n<p>Las obligaciones de eliminar o bloquear el uso de la informaci\u00f3n de acuerdo con la normativa actual no se ver\u00e1n afectadas. Sin embargo, la responsabilidad a este respecto solo es posible desde el momento en que seamos conscientes de una vulneraci\u00f3n legal espec\u00edfica. Tan pronto como nos demos cuenta de tales infracciones, eliminaremos inmediatamente dicho contenido.<\/p>\n\n\n\n<h3 class=\"wp-block-heading\">Responsabilidad por los enlaces<\/h3>\n\n\n\n<p>Nuestra oferta contiene enlaces a sitios web externos de terceros, en cuyo contenido no tenemos influencia. Por esta raz\u00f3n, no podemos aceptar ninguna responsabilidad de dicho contenido externo. El proveedor u operador respectivo de las p\u00e1ginas siempre es responsable del contenido de las p\u00e1ginas enlazadas. Las p\u00e1ginas vinculadas se verificaron en busca de posibles violaciones legales en el momento en que se cre\u00f3 el enlace.<\/p>\n\n\n\n<p>Ning\u00fan contenido ilegal fue detectado en el momento en que se cre\u00f3 el enlace. Un control permanente del contenido de las p\u00e1ginas enlazadas no es razonable sin evidencia concreta de una infracci\u00f3n. Tan pronto como tengamos conocimiento de infracciones legales, eliminaremos dichos enlaces de inmediato.<\/p>\n\n\n\n<h3 class=\"wp-block-heading\">Derechos de autor<\/h3>\n\n\n\n<p>El contenido y los trabajos en estas p\u00e1ginas creados por el operador del sitio est\u00e1n sujetos a la normativa vigente sobre propiedad intelectual. La duplicaci\u00f3n, edici\u00f3n, distribuci\u00f3n y cualquier tipo de uso fuera de los l\u00edmites de la ley de derechos de autor requieren el consentimiento por escrito del autor o creador respectivo. Las descargas y copias de esta p\u00e1gina solo est\u00e1n permitidas para uso privado y no comercial. Siempre que el contenido de esta p\u00e1gina no haya sido creado por el operador, se respetan los derechos de autor de terceros.<\/p>\n\n\n\n<p>En particular, el contenido de terceros est\u00e1 expl\u00edcitamente se\u00f1alado. Sin embargo, si se tiene constancia de una infracci\u00f3n de derechos de autor, inf\u00f3rmenos. Tan pronto como tengamos conocimiento de infracciones legales, eliminaremos dicho contenido de inmediato.<\/p>\n<\/section>\n","protected":false},"excerpt":{"rendered":"<p>Aviso legal Identidad de la titular y responsable de la web Propietaria del sitio webFranziska von Fraunberg ContactoCoaching von FraunbergKanalstr. 3B82362 Weilheim Tel\u00e9fono: +4917624347876Email: info@coaching-vonfraunberg.com Concepto y dise\u00f1opeilst\u00f6cker design: Claus Peilst\u00f6cker &gt; Programaci\u00f3nDatenwege Informatik: Gernot Daum &gt; Exenci\u00f3n de responsabilidad Responsabilidad por el contenido El contenido de nuestro sitio web fue creado con el mayor [&hellip;]<\/p>\n","protected":false},"author":1,"featured_media":0,"parent":0,"menu_order":0,"comment_status":"closed","ping_status":"closed","template":"","meta":{"footnotes":""},"class_list":["post-37","page","type-page","status-publish","hentry"],"_links":{"self":[{"href":"https:\/\/coaching-vonfraunberg.com\/es\/wp-json\/wp\/v2\/pages\/37","targetHints":{"allow":["GET"]}}],"collection":[{"href":"https:\/\/coaching-vonfraunberg.com\/es\/wp-json\/wp\/v2\/pages"}],"about":[{"href":"https:\/\/coaching-vonfraunberg.com\/es\/wp-json\/wp\/v2\/types\/page"}],"author":[{"embeddable":true,"href":"https:\/\/coaching-vonfraunberg.com\/es\/wp-json\/wp\/v2\/users\/1"}],"replies":[{"embeddable":true,"href":"https:\/\/coaching-vonfraunberg.com\/es\/wp-json\/wp\/v2\/comments?post=37"}],"version-history":[{"count":12,"href":"https:\/\/coaching-vonfraunberg.com\/es\/wp-json\/wp\/v2\/pages\/37\/revisions"}],"predecessor-version":[{"id":572,"href":"https:\/\/coaching-vonfraunberg.com\/es\/wp-json\/wp\/v2\/pages\/37\/revisions\/572"}],"wp:attachment":[{"href":"https:\/\/coaching-vonfraunberg.com\/es\/wp-json\/wp\/v2\/media?parent=37"}],"curies":[{"name":"wp","href":"https:\/\/api.w.org\/{rel}","templated":true}]}}