{"id":33,"date":"2022-07-26T21:47:55","date_gmt":"2022-07-26T19:47:55","guid":{"rendered":"https:\/\/coaching-vonfraunberg.com\/es\/?page_id=33"},"modified":"2025-12-04T16:47:57","modified_gmt":"2025-12-04T15:47:57","slug":"mis-respuestas-a-preguntas-frecuentes","status":"publish","type":"page","link":"https:\/\/coaching-vonfraunberg.com\/es\/mis-respuestas-a-preguntas-frecuentes\/","title":{"rendered":"Mis respuestas a preguntas frecuentes"},"content":{"rendered":"\n<h2 class=\"wp-block-heading\">Mis respuestas a preguntas frecuentes<\/h2>\n\n\n\n<section class=\"wp-block-group is-layout-flow wp-block-group-is-layout-flow\">\n<figure class=\"wp-block-image size-full single-track\"><img decoding=\"async\" src=\"https:\/\/coaching-vonfraunberg.com\/wp-content\/uploads\/2022\/07\/Antworten-auf-haeufige-Fragen.png\" alt=\"Preguntas frecuentes sobre el coaching de Franziska von Fraunberg\" class=\"wp-image-199\"\/><\/figure>\n<\/section>\n\n\n\n<section class=\"wp-block-group centred is-layout-flow wp-block-group-is-layout-flow\">\n<h3 class=\"wp-block-heading compact\">\u00bfQu\u00e9 es el coaching?<\/h3>\n\n\n\n<p class=\"compact\">El coaching es un proceso colaborativo que te ayuda a alcanzar tus objetivos personales o profesionales. La autorreflexi\u00f3n ocupa un lugar central: mediante preguntas e impulsos espec\u00edficos, te ayudo a descubrir nuevas perspectivas, desarrollar tus propias soluciones y ampliar tu margen de acci\u00f3n. Sigues siendo t\u00fa la experta \/ el experto en lo que te preocupa; yo organizo el proceso y creo un marco de confianza en el que es posible un cambio sostenible.<\/p>\n\n\n\n<h3 class=\"wp-block-heading compact\">\u00bfEn qu\u00e9 se diferencia el coaching de la psicoterapia?<\/h3>\n\n\n\n<p>El coaching no es psicoterapia, aunque se utilicen muchos m\u00e9todos de las escuelas de psicoterapia. El coaching est\u00e1 dirigido a personas ps\u00edquicamente estables, cuyas habilidades de autogesti\u00f3n funcionan. T\u00fa como clienta o cliente y yo como coach determinamos conjuntamente el contenido y el funcionamiento de nuestras reuniones, pero la responsabilidad de tus acciones sigue siendo tuya.<\/p>\n\n\n\n<h3 class=\"wp-block-heading compact\">\u00bfEn qu\u00e9 se diferencia el coaching del asesoramiento?<\/h3>\n\n\n\n<p>El coaching puede clasificarse bajo el t\u00e9rmino gen\u00e9rico de \u00abasesoramiento\u00bb, pero el coaching es principalmente un proceso entre personas de igual a igual (no jerarquizado). A diferencia del consejo o la asesor\u00eda, el coaching utiliza m\u00e9todos y t\u00e9cnicas psicoterap\u00e9uticas.<\/p>\n\n\n\n<h3 class=\"wp-block-heading compact\">\u00bfQu\u00e9 temas son adecuados para el coaching?<\/h3>\n\n\n\n<p>Las dudas sobre uno mismo, la falta de perspectivas, las situaciones dif\u00edciles de la vida, los desaf\u00edos desconocidos: todos estos pueden ser motivos para el coaching. El coaching apoya tu deseo de cambio y te fortalece para tu desarrollo personal: para que la vida vuelva a ser como t\u00fa quieres.<\/p>\n\n\n\n<h3 class=\"wp-block-heading compact\">\u00bfCu\u00e1les son los requisitos para el coaching?<\/h3>\n\n\n\n<p>En el coaching, suponemos que una persona ps\u00edquicamente estable reconoce las dificultades de su entorno personal o profesional, y tiene un deseo de crecimiento interno y posterior desarrollo. El coaching solo puede ser completamente efectivo si la clienta o el cliente est\u00e1 dispuesto a participar activamente y permitir el cambio.<\/p>\n\n\n\n<h3 class=\"wp-block-heading compact\">\u00bfCu\u00e1l es mi enfoque de coaching?<\/h3>\n\n\n\n<p>Trabajo con un enfoque sist\u00e9mico y orientado a la b\u00fasqueda de soluciones. Esto significa que no considero tus preocupaciones de forma aislada, sino en el contexto de tu entorno, tanto profesional como personal. Ya sean familiares, amistades o compa\u00f1eras y compa\u00f1eros de trabajo: todas estas relaciones nos influyen y, al mismo tiempo, ofrecen oportunidades para el cambio.<br>Trabajar con un <em>enfoque sist\u00e9mico <\/em>implica ampliar la mirada m\u00e1s all\u00e1 de lo evidente y observar c\u00f3mo los distintos contextos afectan a tu situaci\u00f3n actual.<\/p>\n\n\n\n<p>Trabajar con un <em>enfoque orientado a la soluci\u00f3n<\/em> significa centrarse en tus recursos, en los objetivos y en las posibilidades de acci\u00f3n \u2013 no en el problema. Juntas\/os miramos hacia adelante: \u00bfqu\u00e9 est\u00e1 funcionando ya?, \u00bfd\u00f3nde se vislumbran los primeros pasos hacia el cambio? Mirar al pasado solo tiene sentido si ofrece pistas \u00fatiles para tu futuro.<\/p>\n\n\n\n<p>T\u00fa sigues siendo siempre la experta o el experto en tu propia vida; yo te acompa\u00f1o como experta en procesos, con una actitud clara, estructurada y, al mismo tiempo, emp\u00e1tica y respetuosa.<\/p>\n\n\n\n<h3 class=\"wp-block-heading compact\">\u00bfPor qu\u00e9 sigo form\u00e1ndome?<\/h3>\n\n\n\n<p>Entr\u00e9 en contacto con el enfoque Gestalt por primera vez durante mi formaci\u00f3n como coach; desde entonces, este enfoque ha permanecido conmigo. Las actitudes y m\u00e9todos b\u00e1sicos del trabajo Gestalt me fascinan y enriquecen mi pr\u00e1ctica del coaching de muchas maneras. Abren un acceso m\u00e1s profundo a los procesos internos y promueven cambios significativos y duraderos.<\/p>\n\n\n\n<p>Por este motivo, actualmente me estoy formando para ser terapeuta Gestalt. Esto me permite profundizar en mi experiencia a la hora de abordar cuestiones m\u00e1s complejas y refuerza mi capacidad para acompa\u00f1ar a las personas en situaciones de cambio desafiantes de forma consciente.<\/p>\n\n\n\n<p>Para m\u00ed, es importante el desarrollo continuo, tanto a nivel profesional como personal. Estoy convencida de que un coaching vivo y profesional se nutre de una actitud de aprendizaje, reflexi\u00f3n y apertura.<\/p>\n\n\n\n<h3 class=\"wp-block-heading compact\">\u00bfA qui\u00e9n va dirigida mi oferta de coaching?<\/h3>\n\n\n\n<p>Mi oferta est\u00e1 dirigida tanto a particulares (adolescentes, j\u00f3venes y personas adultas) como a instituciones y empresas.<\/p>\n\n\n\n<h3 class=\"wp-block-heading compact\">\u00bfEn qu\u00e9 asocicaci\u00f3n estoy certificada?<\/h3>\n\n\n\n<p>Tengo el certificado de la <a href=\"https:\/\/www.easc-online.eu\/es\/\">EASC <\/a>(Asociaci\u00f3n Europea para la Supervisi\u00f3n y el Coaching) y de la <a href=\"https:\/\/www.roundtable-coaching.eu\/\">RTC <\/a>(Roundtable Coaching &#8211; Federaci\u00f3n de asociaciones de Coaching). Estas certificaciones confirman mis cualificaciones profesionales y mi enfoque profesional como coach.<\/p>\n\n\n\n<h3 class=\"wp-block-heading compact\">\u00bfQu\u00e9 afiliaciones tengo?<\/h3>\n\n\n\n<p>Soy miembro de la <a href=\"https:\/\/coachingfederation.org\/\">ICF <\/a>(Federaci\u00f3n Internacional de Coaching). Para ser miembro, hay que demostrar una formaci\u00f3n s\u00f3lida en coaching y experiencia laboral como coach. Tambi\u00e9n implica la aceptaci\u00f3n de las directrices \u00e9ticas de la ICF, lo que significa que me comprometo a mantener un alto nivel profesional y \u00e9tico en mi trabajo como coach.<\/p>\n\n\n\n<h3 class=\"wp-block-heading compact\">\u00bfEn qu\u00e9 idiomas son las sesiones de coaching?<\/h3>\n\n\n\n<p>El coaching puede llevarse a cabo tanto en alem\u00e1n como en espa\u00f1ol.<\/p>\n\n\n\n<h3 class=\"wp-block-heading compact\">\u00bfD\u00f3nde se lleva a cabo el coaching?<\/h3>\n\n\n\n<p>Principalmente trabajo online (normalmente a trav\u00e9s de Zoom), pero tambi\u00e9n ofrezco coaching presencial en Weilheim (cerca de M\u00fanich) o en tu instituci\u00f3n \/ empresa.<\/p>\n\n\n\n<h3 class=\"wp-block-heading compact\">\u00bfHay una consulta inicial?<\/h3>\n\n\n\n<p>El coaching no es una prestaci\u00f3n ni un servicio estandarizado, sino una relaci\u00f3n de trabajo en la que la confianza y la empat\u00eda son requisitos previos para el \u00e9xito. Por eso ofrezco una consulta inicial gratuita y sin compromiso (por tel\u00e9fono u online). De esta forma tienes la oportunidad de poder conocerme y ver mi forma de trabajar.<\/p>\n\n\n\n<h3 class=\"wp-block-heading compact\"><br>Participaci\u00f3n de los padres (para menores)<\/h3>\n\n\n\n<p>Despu\u00e9s de la primera reuni\u00f3n, que generalmente se lleva a cabo junto con los padres, planificamos cu\u00e1ntas sesiones vemos necesarias y tambi\u00e9n con qu\u00e9 frecuencia deben participar los padres en las sesiones.<\/p>\n\n\n\n<h3 class=\"wp-block-heading compact\">\u00bfCu\u00e1nto dura una sesi\u00f3n de coaching?<\/h3>\n\n\n\n<p>Normalmente, la sesi\u00f3n de coaching individual dura 45 minutos para adolescentes y j\u00f3venes y 60 minutos para personas adultas. Dependiendo de tus necesidades, tambi\u00e9n es posible tener sesiones m\u00e1s largas.<\/p>\n\n\n\n<h3 class=\"wp-block-heading compact\">\u00bfCu\u00e1nto dura el proceso de coaching?<\/h3>\n\n\n\n<p>La duraci\u00f3n de todo el proceso depende tanto de lo que te hayas propuesto hacer como de d\u00f3nde te encuentres en ese momento. As\u00ed que hay casos en los que dos sesiones son suficientes, en otros son necesarias cinco o m\u00e1s sesiones. B\u00e1sicamente, t\u00fa decides cu\u00e1nto tiempo y con qu\u00e9 frecuencia quieres trabajar conmigo.<\/p>\n\n\n\n<h3 class=\"wp-block-heading compact\">\u00bfHay un deber de confidencialidad?<\/h3>\n\n\n\n<p>Legalmente, no; \u00e9ticamente, s\u00ed. En mi opini\u00f3n, la confidencialidad es una de las obligaciones impl\u00edcitas de un\/a coach seria\/o y profesional. Por lo tanto, me comprometo a ello por escrito.<\/p>\n\n\n\n<h3 class=\"wp-block-heading compact\">\u00bfHay gastos por cancelaci\u00f3n?<\/h3>\n\n\n\n<ul class=\"wp-block-list\">\n<li>Cancelaci\u00f3n hasta 24 horas antes de la cita acordada: sin coste.<\/li>\n\n\n\n<li>Menos de 24 horas o sin cancelaci\u00f3n: precio completo.<\/li>\n<\/ul>\n\n\n\n<h3 class=\"wp-block-heading compact\">\u00bfTienes cualquier otra pregunta?<\/h3>\n\n\n\n<p><a class=\"highlighted\" href=\"mailto:info@coaching-vonfraunberg.com\"> Escr\u00edbeme<\/a> o <a class=\"highlighted\" href=\"tel:+34619485099\"> ll\u00e1mame por tel\u00e9fono<\/a>.<\/p>\n<\/section>\n","protected":false},"excerpt":{"rendered":"<p>Mis respuestas a preguntas frecuentes \u00bfQu\u00e9 es el coaching? El coaching es un proceso colaborativo que te ayuda a alcanzar tus objetivos personales o profesionales. La autorreflexi\u00f3n ocupa un lugar central: mediante preguntas e impulsos espec\u00edficos, te ayudo a descubrir nuevas perspectivas, desarrollar tus propias soluciones y ampliar tu margen de acci\u00f3n. Sigues siendo t\u00fa [&hellip;]<\/p>\n","protected":false},"author":1,"featured_media":0,"parent":0,"menu_order":0,"comment_status":"closed","ping_status":"closed","template":"","meta":{"footnotes":""},"class_list":["post-33","page","type-page","status-publish","hentry"],"_links":{"self":[{"href":"https:\/\/coaching-vonfraunberg.com\/es\/wp-json\/wp\/v2\/pages\/33","targetHints":{"allow":["GET"]}}],"collection":[{"href":"https:\/\/coaching-vonfraunberg.com\/es\/wp-json\/wp\/v2\/pages"}],"about":[{"href":"https:\/\/coaching-vonfraunberg.com\/es\/wp-json\/wp\/v2\/types\/page"}],"author":[{"embeddable":true,"href":"https:\/\/coaching-vonfraunberg.com\/es\/wp-json\/wp\/v2\/users\/1"}],"replies":[{"embeddable":true,"href":"https:\/\/coaching-vonfraunberg.com\/es\/wp-json\/wp\/v2\/comments?post=33"}],"version-history":[{"count":39,"href":"https:\/\/coaching-vonfraunberg.com\/es\/wp-json\/wp\/v2\/pages\/33\/revisions"}],"predecessor-version":[{"id":581,"href":"https:\/\/coaching-vonfraunberg.com\/es\/wp-json\/wp\/v2\/pages\/33\/revisions\/581"}],"wp:attachment":[{"href":"https:\/\/coaching-vonfraunberg.com\/es\/wp-json\/wp\/v2\/media?parent=33"}],"curies":[{"name":"wp","href":"https:\/\/api.w.org\/{rel}","templated":true}]}}