{"id":29,"date":"2022-07-26T21:47:19","date_gmt":"2022-07-26T19:47:19","guid":{"rendered":"https:\/\/coaching-vonfraunberg.com\/es\/?page_id=29"},"modified":"2025-12-04T16:44:28","modified_gmt":"2025-12-04T15:44:28","slug":"coaching-para-personas-adultas","status":"publish","type":"page","link":"https:\/\/coaching-vonfraunberg.com\/es\/coaching-para-personas-adultas\/","title":{"rendered":"Coaching para personas adultas"},"content":{"rendered":"\n<h2 class=\"wp-block-heading\">Todo comienza con preguntas<\/h2>\n\n\n\n<figure class=\"wp-block-image size-full single-track\"><img decoding=\"async\" src=\"https:\/\/coaching-vonfraunberg.com\/wp-content\/uploads\/2022\/07\/Coaching-fuer-Jugendliche-und-junge-Erwachsene.jpg\" alt=\"Coaching f\u00fcr Jugendliche und junge Erwachsene durch Franziska von Fraunberg\" class=\"wp-image-172\"\/><\/figure>\n\n\n\n<section class=\"wp-block-group centred is-layout-flow wp-block-group-is-layout-flow\">\n<h3 class=\"wp-block-heading compact\"><strong><strong>Desarrollo personal<\/strong><\/strong><\/h3>\n\n\n\n<p>\u00bfC\u00f3mo puedo volver a encontrarme conmigo misma\/o?<\/p>\n\n\n\n<h3 class=\"wp-block-heading compact\"><strong><strong>B\u00fasqueda de sentido<\/strong><\/strong><\/h3>\n\n\n\n<p>\u00bfQu\u00e9 me llena de verdad \u2013 m\u00e1s all\u00e1 de las expectativas?<\/p>\n\n\n\n<h3 class=\"wp-block-heading compact\"><strong><strong>Crisis<\/strong><\/strong><\/h3>\n\n\n\n<p>\u00bfC\u00f3mo puedo salir fortalecida\/o de momentos de cambio?<\/p>\n\n\n\n<h3 class=\"wp-block-heading compact\"><strong><strong>Conflictos de roles<\/strong><\/strong><\/h3>\n\n\n\n<p>\u00bfC\u00f3mo puedo encontrar mi propio espacio \u2013 entre la familia y el trabajo?<\/p>\n\n\n\n<h3 class=\"wp-block-heading compact\"><strong><strong>Autodeterminaci\u00f3n<\/strong><\/strong><\/h3>\n\n\n\n<p>\u00bfC\u00f3mo puedo seguir mi propio camino \u2013 con claridad y amabilidad?<\/p>\n\n\n\n<h3 class=\"wp-block-heading compact\"><strong><strong>Lograr equilibrio y serenidad<\/strong><\/strong><\/h3>\n\n\n\n<p>\u00bfC\u00f3mo consigo m\u00e1s ligereza y calma en mi d\u00eda a d\u00eda?<\/p>\n\n\n\n<h3 class=\"wp-block-heading compact\"><strong><strong>Profesi\u00f3n<\/strong><\/strong><\/h3>\n\n\n\n<p>\u00bfC\u00f3mo puedo reorientarme profesionalmente \u2013 en armon\u00eda con mi vida?<\/p>\n\n\n\n<h3 class=\"wp-block-heading compact\"><strong><strong>Al extranjero<\/strong><\/strong><\/h3>\n\n\n\n<p>\u00bfC\u00f3mo puedo sentirme en casa entre dos culturas?<\/p>\n\n\n\n<h3 class=\"wp-block-heading compact\"><strong><strong>Resoluci\u00f3n de problemas<\/strong><\/strong><\/h3>\n\n\n\n<p>\u00bfC\u00f3mo puedo tomar buenas decisiones \u2013 incluso cuando afectan a otras personas?<\/p>\n\n\n\n<p>Tal vez te reconozcas en estas preguntas. A veces, ese simple reconocimiento ya es el primer paso hacia m\u00e1s claridad, autodeterminaci\u00f3n y equilibrio.<\/p>\n<\/section>\n\n\n\n<section class=\"wp-block-group is-layout-flow wp-block-group-is-layout-flow\">\n<h2 class=\"wp-block-heading\">Juntas\/os encontraremos respuestas<\/h2>\n\n\n\n<section class=\"wp-block-group is-layout-flow wp-block-group-is-layout-flow\">\n<div class=\"wp-block-columns is-layout-flex wp-container-core-columns-is-layout-28f84493 wp-block-columns-is-layout-flex\">\n<div class=\"wp-block-column is-layout-flow wp-block-column-is-layout-flow\">\n<figure class=\"wp-block-image size-full path\"><img decoding=\"async\" src=\"https:\/\/coaching-vonfraunberg.com\/wp-content\/uploads\/2022\/07\/Potenziale.jpg\" alt=\"Reconocer potencial \" class=\"wp-image-68\"\/><\/figure>\n<\/div>\n\n\n\n<div class=\"wp-block-column is-layout-flow wp-block-column-is-layout-flow\">\n<h3 class=\"wp-block-heading\">Reconocer potencial<\/h3>\n\n\n\n<p>Te sorprender\u00e1s de lo que eres capaz de conseguir si buscamos respuestas juntas\/os. Todo ello sin perder de vista tus propias habilidades y personalidad.<\/p>\n<\/div>\n<\/div>\n<\/section>\n\n\n\n<section class=\"wp-block-group is-layout-flow wp-block-group-is-layout-flow\">\n<div class=\"wp-block-columns is-layout-flex wp-container-core-columns-is-layout-28f84493 wp-block-columns-is-layout-flex\">\n<div class=\"wp-block-column flexpos2 is-layout-flow wp-block-column-is-layout-flow\">\n<h3 class=\"wp-block-heading\">Descubrir perspectivas<\/h3>\n\n\n\n<p>Descubre posibilidades realistas para tu futuro. Aprende a tomar decisiones y a observar tu situaci\u00f3n vital desde una perspectiva diferente. Utiliza mi punto de vista profesional para redescubrirte a ti misma\/o.<\/p>\n<\/div>\n\n\n\n<div class=\"wp-block-column flexpos1 is-layout-flow wp-block-column-is-layout-flow\">\n<figure class=\"wp-block-image size-full path\"><img decoding=\"async\" src=\"https:\/\/coaching-vonfraunberg.com\/wp-content\/uploads\/2022\/07\/Perspektiven.jpg\" alt=\"Descubrir perspectivas\" class=\"wp-image-72\"\/><\/figure>\n<\/div>\n<\/div>\n<\/section>\n\n\n\n<section class=\"wp-block-group is-layout-flow wp-block-group-is-layout-flow\">\n<div class=\"wp-block-columns is-layout-flex wp-container-core-columns-is-layout-28f84493 wp-block-columns-is-layout-flex\">\n<div class=\"wp-block-column is-layout-flow wp-block-column-is-layout-flow\">\n<figure class=\"wp-block-image size-full path\"><img decoding=\"async\" src=\"https:\/\/coaching-vonfraunberg.com\/wp-content\/uploads\/2022\/07\/Neue-Wege.jpg\" alt=\"Recorrer nuevos caminos\" class=\"wp-image-70\"\/><\/figure>\n<\/div>\n\n\n\n<div class=\"wp-block-column is-layout-flow wp-block-column-is-layout-flow\">\n<h3 class=\"wp-block-heading\">Recorrer nuevos caminos<\/h3>\n\n\n\n<p>Es sencillo tener ilusi\u00f3n en los proyectos. Lo complicado es ponerlos en pr\u00e1ctica. Estar\u00e9 a tu lado en la b\u00fasqueda de soluciones individuales y pr\u00e1cticas, y planificar\u00e9 junto a ti los pasos factibles. Juntas\/os examinaremos lo ya logrado, para que no pierdas de vista tu objetivo.<\/p>\n<\/div>\n<\/div>\n<\/section>\n<\/section>\n\n\n\n<figure class=\"wp-block-image size-large page-footer-lifter\"><img decoding=\"async\" src=\"https:\/\/coaching-vonfraunberg.com\/wp-content\/uploads\/2024\/01\/Portrait-Franziska-von-Fraunberg.jpg\" alt=\"Ablauf des Coachings mit Portrait Franziska von Fraunberg\"\/><\/figure>\n\n\n\n<div class=\"wp-block-group overlay-anchor alignfull page-footer centred is-layout-flow wp-block-group-is-layout-flow\">\n<figure class=\"wp-block-image size-full alignfull is-background\"><img decoding=\"async\" src=\"https:\/\/coaching-vonfraunberg.com\/wp-content\/uploads\/2022\/07\/Seitenfuss-Hintergrund.png\" alt=\"Proceso del coaching con Portrait Franziska von Fraunberg\" class=\"wp-image-154\"\/><\/figure>\n\n\n\n<figure class=\"wp-block-image size-full alignfull finalization\"><img decoding=\"async\" src=\"https:\/\/coaching-vonfraunberg.com\/wp-content\/uploads\/2022\/07\/Seitenfuss-Hintergrund-Abschluss.png\" alt=\"\" class=\"wp-image-151\"\/><\/figure>\n\n\n\n<figure class=\"wp-block-image size-large overlay watermark\"><img decoding=\"async\" src=\"https:\/\/coaching-vonfraunberg.com\/wp-content\/uploads\/2022\/07\/Ablauf-des-Coachings-776x1024.png\" alt=\"Proceso del coaching con Portrait Franziska von Fraunberg\" class=\"wp-image-145\"\/><\/figure>\n\n\n\n<div class=\"wp-block-group overlay with-background single-track is-layout-flow wp-block-group-is-layout-flow\">\n<div style=\"height:30px\" aria-hidden=\"true\" class=\"wp-block-spacer\"><\/div>\n\n\n\n<h2 class=\"wp-block-heading light\">Proceso del coaching<\/h2>\n\n\n\n<p>El coaching se realiza online o en mi despacho de Weilheim (cerca de M\u00fanich). Despu\u00e9s de una consulta inicial gratuita, definiremos juntas\/os tus objetivos. Como clienta o cliente, t\u00fa decides el contenido, mientras yo, como coach, gestiono el proceso. Al expresar las preguntas adecuadas y usar varios m\u00e9todos, te ayudo a activar tus recursos y lograr tu meta.<\/p>\n\n\n\n<p>Una sesi\u00f3n suele durar 60 minutos. La duraci\u00f3n de todo el proceso depende tanto de lo que te hayas propuesto hacer como de d\u00f3nde te encuentres en ese momento. A veces dos sesiones son suficientes, en otros casos son necesarias cinco o m\u00e1s sesiones. B\u00e1sicamente, t\u00fa decides cu\u00e1nto tiempo y con qu\u00e9 frecuencia quieres trabajar conmigo.<\/p>\n\n\n\n<p><strong>\u00bfSuena interesante?<\/strong><br><strong>Entonces solicita tu consulta inicial gratuita aqu\u00ed:<\/strong><\/p>\n\n\n\n<div class=\"wp-block-group overlay-anchor button-container is-layout-flow wp-block-group-is-layout-flow\">\n<figure class=\"wp-block-image size-full\"><img decoding=\"async\" src=\"https:\/\/coaching-vonfraunberg.com\/wp-content\/uploads\/2022\/07\/Seitenfuss-Button.png\" alt=\"consulta inicial gratuita con Franziska von Fraunberg\" class=\"wp-image-142\"\/><\/figure>\n\n\n\n<div class=\"wp-block-group overlay is-layout-flow wp-block-group-is-layout-flow\">\n<div class=\"wp-block-buttons is-layout-flex wp-block-buttons-is-layout-flex\">\n<div class=\"wp-block-button\"><a class=\"wp-block-button__link\" href=\"\/es\/contacto\">Consulta inicial gratuita<\/a><\/div>\n<\/div>\n<\/div>\n<\/div>\n<\/div>\n<\/div>\n","protected":false},"excerpt":{"rendered":"<p>Todo comienza con preguntas Desarrollo personal \u00bfC\u00f3mo puedo volver a encontrarme conmigo misma\/o? B\u00fasqueda de sentido \u00bfQu\u00e9 me llena de verdad \u2013 m\u00e1s all\u00e1 de las expectativas? Crisis \u00bfC\u00f3mo puedo salir fortalecida\/o de momentos de cambio? Conflictos de roles \u00bfC\u00f3mo puedo encontrar mi propio espacio \u2013 entre la familia y el trabajo? Autodeterminaci\u00f3n \u00bfC\u00f3mo puedo [&hellip;]<\/p>\n","protected":false},"author":1,"featured_media":0,"parent":0,"menu_order":0,"comment_status":"closed","ping_status":"closed","template":"","meta":{"footnotes":""},"class_list":["post-29","page","type-page","status-publish","hentry"],"_links":{"self":[{"href":"https:\/\/coaching-vonfraunberg.com\/es\/wp-json\/wp\/v2\/pages\/29","targetHints":{"allow":["GET"]}}],"collection":[{"href":"https:\/\/coaching-vonfraunberg.com\/es\/wp-json\/wp\/v2\/pages"}],"about":[{"href":"https:\/\/coaching-vonfraunberg.com\/es\/wp-json\/wp\/v2\/types\/page"}],"author":[{"embeddable":true,"href":"https:\/\/coaching-vonfraunberg.com\/es\/wp-json\/wp\/v2\/users\/1"}],"replies":[{"embeddable":true,"href":"https:\/\/coaching-vonfraunberg.com\/es\/wp-json\/wp\/v2\/comments?post=29"}],"version-history":[{"count":28,"href":"https:\/\/coaching-vonfraunberg.com\/es\/wp-json\/wp\/v2\/pages\/29\/revisions"}],"predecessor-version":[{"id":580,"href":"https:\/\/coaching-vonfraunberg.com\/es\/wp-json\/wp\/v2\/pages\/29\/revisions\/580"}],"wp:attachment":[{"href":"https:\/\/coaching-vonfraunberg.com\/es\/wp-json\/wp\/v2\/media?parent=29"}],"curies":[{"name":"wp","href":"https:\/\/api.w.org\/{rel}","templated":true}]}}