{"id":27,"date":"2022-07-26T21:47:02","date_gmt":"2022-07-26T19:47:02","guid":{"rendered":"https:\/\/coaching-vonfraunberg.com\/es\/?page_id=27"},"modified":"2025-05-22T12:56:10","modified_gmt":"2025-05-22T10:56:10","slug":"coaching-para-adolescentes-y-jovenes","status":"publish","type":"page","link":"https:\/\/coaching-vonfraunberg.com\/es\/coaching-para-adolescentes-y-jovenes\/","title":{"rendered":"Coaching para adolescentes y j\u00f3venes"},"content":{"rendered":"\n<h2 class=\"wp-block-heading\">Todo comienza con preguntas<\/h2>\n\n\n\n<figure class=\"wp-block-image size-full single-track\"><img decoding=\"async\" src=\"https:\/\/coaching-vonfraunberg.com\/wp-content\/uploads\/2022\/07\/Coaching-fuer-Jugendliche-und-junge-Erwachsene.jpg\" alt=\"Coaching f\u00fcr Jugendliche und junge Erwachsene durch Franziska von Fraunberg\" class=\"wp-image-172\"\/><\/figure>\n\n\n\n<section class=\"wp-block-group centred is-layout-flow wp-block-group-is-layout-flow\">\n<h3 class=\"wp-block-heading compact\"><strong><strong>Escuela<\/strong><\/strong><\/h3>\n\n\n\n<p>\u00bfMerece la pena todo el estr\u00e9s?<\/p>\n\n\n\n<h3 class=\"wp-block-heading compact\"><strong><strong><strong>Graduaci\u00f3n<\/strong><\/strong><\/strong><\/h3>\n\n\n\n<p>\u00bfQu\u00e9 hago ahora?<\/p>\n\n\n\n<h3 class=\"wp-block-heading compact\"><strong><strong><strong>Formaci\u00f3n<\/strong><\/strong><\/strong><\/h3>\n\n\n\n<p>\u00bfQu\u00e9 quiero ser y por qu\u00e9?<\/p>\n\n\n\n<h3 class=\"wp-block-heading compact\"><strong><strong><strong>Universidad<\/strong><\/strong><\/strong><\/h3>\n\n\n\n<p>\u00bfCu\u00e1les son las ventajas y los inconvenientes?<\/p>\n\n\n\n<h3 class=\"wp-block-heading compact\"><strong><strong><strong>Relaciones<\/strong><\/strong><\/strong><\/h3>\n\n\n\n<p>\u00bfComenzar juntas\/os?<\/p>\n\n\n\n<h3 class=\"wp-block-heading compact\"><strong><strong><strong>Padres<\/strong><\/strong><\/strong><\/h3>\n\n\n\n<p>\u00bfTodav\u00eda me entienden?<\/p>\n\n\n\n<h3 class=\"wp-block-heading compact\"><strong><strong><strong>Extranjero<\/strong><\/strong><\/strong><\/h3>\n\n\n\n<p>\u00bfSalir fuera? \u2013 \u00bfOportunidad o riesgo?<\/p>\n\n\n\n<h3 class=\"wp-block-heading compact\"><strong><strong>Crisis<\/strong><\/strong><\/h3>\n\n\n\n<p>\u00bfC\u00f3mo salgo indemne de ellas?<\/p>\n\n\n\n<h3 class=\"wp-block-heading compact\"><strong><strong><strong>Autodeterminaci\u00f3n<\/strong><\/strong><\/strong><\/h3>\n\n\n\n<p>\u00bfC\u00f3mo puedo ser yo misma\/o?<\/p>\n\n\n\n<h3 class=\"wp-block-heading compact\"><strong><strong><strong><strong>Futuro<\/strong><\/strong><\/strong><\/strong><\/h3>\n\n\n\n<p>\u00bfTengo hoy miedo del ma\u00f1ana?<\/p>\n\n\n\n<p>\u00bfEstas preguntas reflejan tu situaci\u00f3n? \u00bfPor no saber exactamente a d\u00f3nde deber\u00eda llevarte tu camino? En el coaching tienes la oportunidad de tener una persona neutral a tu lado que te apoya y te anima. Juntas\/os descubriremos tus recursos y fortalezas. El coaching no es una terapia, trata sobre la optimizaci\u00f3n de tus posibilidades y de c\u00f3mo desenvolverte en la vida.<\/p>\n<\/section>\n\n\n\n<section class=\"wp-block-group is-layout-flow wp-block-group-is-layout-flow\">\n<h2 class=\"wp-block-heading centred\">En el coaching t\u00fa vas a<\/h2>\n\n\n\n<section class=\"wp-block-group is-layout-flow wp-block-group-is-layout-flow\">\n<div class=\"wp-block-columns is-layout-flex wp-container-core-columns-is-layout-28f84493 wp-block-columns-is-layout-flex\">\n<div class=\"wp-block-column is-layout-flow wp-block-column-is-layout-flow\">\n<figure class=\"wp-block-image size-full path\"><img decoding=\"async\" src=\"https:\/\/coaching-vonfraunberg.com\/wp-content\/uploads\/2022\/07\/Potenziale-fuer-Jugendliche-und-junge-Erwachsene.png\" alt=\"Reconocer potencial \u2013 y sorprenderte con lo que hay dentro de ti\" class=\"wp-image-165\"\/><\/figure>\n<\/div>\n\n\n\n<div class=\"wp-block-column is-layout-flow wp-block-column-is-layout-flow\">\n<h3 class=\"wp-block-heading\">Reconocer potencial<\/h3>\n\n\n\n<p>y sorprenderte<br>con lo que hay dentro de ti<\/p>\n<\/div>\n<\/div>\n<\/section>\n\n\n\n<section class=\"wp-block-group is-layout-flow wp-block-group-is-layout-flow\">\n<div class=\"wp-block-columns is-layout-flex wp-container-core-columns-is-layout-28f84493 wp-block-columns-is-layout-flex\">\n<div class=\"wp-block-column flexpos2 is-layout-flow wp-block-column-is-layout-flow\">\n<h3 class=\"wp-block-heading\">Descubrir perspectivas<\/h3>\n\n\n\n<p>y ver posibilidades factibles<br>para tu futuro<\/p>\n<\/div>\n\n\n\n<div class=\"wp-block-column flexpos1 is-layout-flow wp-block-column-is-layout-flow\">\n<figure class=\"wp-block-image size-full path\"><img decoding=\"async\" src=\"https:\/\/coaching-vonfraunberg.com\/wp-content\/uploads\/2022\/07\/Perspektiven-fuer-Jugendliche-und-junge-Erwachsene.png\" alt=\"Descubrir perspectivas \u2013 y ver posibilidades realistas \npara tu futuro\n\" class=\"wp-image-167\"\/><\/figure>\n<\/div>\n<\/div>\n<\/section>\n\n\n\n<section class=\"wp-block-group is-layout-flow wp-block-group-is-layout-flow\">\n<div class=\"wp-block-columns is-layout-flex wp-container-core-columns-is-layout-28f84493 wp-block-columns-is-layout-flex\">\n<div class=\"wp-block-column is-layout-flow wp-block-column-is-layout-flow\">\n<figure class=\"wp-block-image size-full path\"><img decoding=\"async\" src=\"https:\/\/coaching-vonfraunberg.com\/wp-content\/uploads\/2022\/07\/Neue-Wege.jpg\" alt=\"Recorrer nuevos caminos \u2013 y no solo generar ideas, sino tambi\u00e9n ser capaz de llevarlas a cabo\" class=\"wp-image-70\"\/><\/figure>\n<\/div>\n\n\n\n<div class=\"wp-block-column is-layout-flow wp-block-column-is-layout-flow\">\n<h3 class=\"wp-block-heading\">Recorrer nuevos caminos<\/h3>\n\n\n\n<p>y no solo generar ideas, sino tambi\u00e9n ser capaz de llevarlas a cabo<\/p>\n<\/div>\n<\/div>\n<\/section>\n<\/section>\n\n\n\n<figure class=\"wp-block-image size-large page-footer-lifter\"><img decoding=\"async\" src=\"https:\/\/coaching-vonfraunberg.com\/wp-content\/uploads\/2024\/01\/Portrait-Franziska-von-Fraunberg.jpg\" alt=\"Ablauf des Coachings mit Portrait Franziska von Fraunberg\"\/><\/figure>\n\n\n\n<div class=\"wp-block-group overlay-anchor alignfull page-footer centred is-layout-flow wp-block-group-is-layout-flow\">\n<figure class=\"wp-block-image size-full alignfull is-background\"><img decoding=\"async\" src=\"https:\/\/coaching-vonfraunberg.com\/wp-content\/uploads\/2022\/07\/Seitenfuss-Hintergrund.png\" alt=\"Proceso del coaching con Portrait Franziska von Fraunberg\" class=\"wp-image-154\"\/><\/figure>\n\n\n\n<figure class=\"wp-block-image size-full alignfull finalization\"><img decoding=\"async\" src=\"https:\/\/coaching-vonfraunberg.com\/wp-content\/uploads\/2022\/07\/Seitenfuss-Hintergrund-Abschluss.png\" alt=\"\" class=\"wp-image-151\"\/><\/figure>\n\n\n\n<figure class=\"wp-block-image size-large overlay watermark\"><img decoding=\"async\" src=\"https:\/\/coaching-vonfraunberg.com\/wp-content\/uploads\/2022\/07\/Ablauf-des-Coachings-776x1024.png\" alt=\"Proceso del coaching con Portrait Franziska von Fraunberg\" class=\"wp-image-145\"\/><\/figure>\n\n\n\n<div class=\"wp-block-group overlay with-background single-track is-layout-flow wp-block-group-is-layout-flow\">\n<div style=\"height:30px\" aria-hidden=\"true\" class=\"wp-block-spacer\"><\/div>\n\n\n\n<h2 class=\"wp-block-heading light\">Proceso del coaching<\/h2>\n\n\n\n<p>El coaching suele realizarse online, por lo que puedes participar c\u00f3modamente desde casa. En primer lugar, nos conocemos en una consulta inicial gratuita. Si es necesario, junto con tus padres. Despu\u00e9s valora si te gustar\u00eda trabajar conmigo. \u00a1Y ya podemos comenzar!<\/p>\n\n\n\n<p>Al comienzo del proceso, tu expresas tus deseos, y formulamos tus objetivos para el coaching. T\u00fa decides el contenido, yo dirijo el proceso. Cada proceso de coaching es individual y no tiene una duraci\u00f3n fija.<\/p>\n\n\n\n<p>Una sesi\u00f3n dura 45 minutos. Con la ayuda de las preguntas adecuadas y diversos m\u00e9todos, te ayudo a lograr tus objetivos. Al final de cada sesi\u00f3n, analizamos los resultados, reflexionamos sobre cu\u00e1nto nos hemos acercado a la meta, y planeamos la pr\u00f3xima sesi\u00f3n.<\/p>\n\n\n\n<p><strong>\u00bfSuena bien?<\/strong><br><strong>Entonces solicita tu consulta inicial gratuita aqu<strong>\u00ed<\/strong>:<\/strong><\/p>\n\n\n\n<div class=\"wp-block-group overlay-anchor button-container is-layout-flow wp-block-group-is-layout-flow\">\n<figure class=\"wp-block-image size-full\"><img decoding=\"async\" src=\"https:\/\/coaching-vonfraunberg.com\/wp-content\/uploads\/2022\/07\/Seitenfuss-Button.png\" alt=\"consulta inicial gratuita con Franziska von Fraunberg\" class=\"wp-image-142\"\/><\/figure>\n\n\n\n<div class=\"wp-block-group overlay is-layout-flow wp-block-group-is-layout-flow\">\n<div class=\"wp-block-buttons is-layout-flex wp-block-buttons-is-layout-flex\">\n<div class=\"wp-block-button\"><a class=\"wp-block-button__link\" href=\"\/es\/contacto\">Consulta inicial gratuita<\/a><\/div>\n<\/div>\n<\/div>\n<\/div>\n<\/div>\n<\/div>\n","protected":false},"excerpt":{"rendered":"<p>Todo comienza con preguntas Escuela \u00bfMerece la pena todo el estr\u00e9s? Graduaci\u00f3n \u00bfQu\u00e9 hago ahora? Formaci\u00f3n \u00bfQu\u00e9 quiero ser y por qu\u00e9? Universidad \u00bfCu\u00e1les son las ventajas y los inconvenientes? Relaciones \u00bfComenzar juntas\/os? Padres \u00bfTodav\u00eda me entienden? Extranjero \u00bfSalir fuera? \u2013 \u00bfOportunidad o riesgo? Crisis \u00bfC\u00f3mo salgo indemne de ellas? Autodeterminaci\u00f3n \u00bfC\u00f3mo puedo ser yo [&hellip;]<\/p>\n","protected":false},"author":1,"featured_media":0,"parent":0,"menu_order":0,"comment_status":"closed","ping_status":"closed","template":"","meta":{"footnotes":""},"class_list":["post-27","page","type-page","status-publish","hentry"],"_links":{"self":[{"href":"https:\/\/coaching-vonfraunberg.com\/es\/wp-json\/wp\/v2\/pages\/27","targetHints":{"allow":["GET"]}}],"collection":[{"href":"https:\/\/coaching-vonfraunberg.com\/es\/wp-json\/wp\/v2\/pages"}],"about":[{"href":"https:\/\/coaching-vonfraunberg.com\/es\/wp-json\/wp\/v2\/types\/page"}],"author":[{"embeddable":true,"href":"https:\/\/coaching-vonfraunberg.com\/es\/wp-json\/wp\/v2\/users\/1"}],"replies":[{"embeddable":true,"href":"https:\/\/coaching-vonfraunberg.com\/es\/wp-json\/wp\/v2\/comments?post=27"}],"version-history":[{"count":29,"href":"https:\/\/coaching-vonfraunberg.com\/es\/wp-json\/wp\/v2\/pages\/27\/revisions"}],"predecessor-version":[{"id":541,"href":"https:\/\/coaching-vonfraunberg.com\/es\/wp-json\/wp\/v2\/pages\/27\/revisions\/541"}],"wp:attachment":[{"href":"https:\/\/coaching-vonfraunberg.com\/es\/wp-json\/wp\/v2\/media?parent=27"}],"curies":[{"name":"wp","href":"https:\/\/api.w.org\/{rel}","templated":true}]}}