{"id":2,"date":"2022-07-26T17:49:00","date_gmt":"2022-07-26T15:49:00","guid":{"rendered":"https:\/\/coaching-vonfraunberg.com\/es\/?page_id=2"},"modified":"2026-05-01T10:49:53","modified_gmt":"2026-05-01T08:49:53","slug":"pagina-de-inicio","status":"publish","type":"page","link":"https:\/\/coaching-vonfraunberg.com\/es\/","title":{"rendered":"Inicio"},"content":{"rendered":"\n<h2 class=\"wp-block-heading\">Reconocer potencial, descubrir perspectivas, recorrer nuevos caminos.<\/h2>\n\n\n\n<figure class=\"wp-block-image size-full single-track\"><img decoding=\"async\" src=\"https:\/\/coaching-vonfraunberg.com\/wp-content\/uploads\/2022\/07\/Coaching-fuer-Erwachsene.png\" alt=\"Coaching para adultos con Franziska von Fraunberg\" class=\"wp-image-183\"\/><\/figure>\n\n\n\n<p class=\"has-text-align-center\"><strong>Lo est\u00e1s sosteniendo todo.<br>Pero\u2026 \u00bfcu\u00e1ndo eres t\u00fa la que importa?<\/strong><\/p>\n\n\n\n<p class=\"has-text-align-center\">Organizas, cuidas, resuelves.<br>Trabajo. Familia. Vida diaria.<\/p>\n\n\n\n<p class=\"has-text-align-center\">Y en medio de todo eso, es f\u00e1cil ir perdi\u00e9ndose un poco una misma.<\/p>\n\n\n\n<p class=\"has-text-align-center\">Tal vez te preguntas:<br>\u00bfEsto es todo lo que hay?<br>\u00bfO todav\u00eda hay algo en m\u00ed que quiere tomar otro rumbo?<\/p>\n\n\n\n<p class=\"has-text-align-center\">En momentos de cambio, esa voz interior suele hacerse m\u00e1s clara \u2013<br>cuando la vida se reorganiza,<br>cuando est\u00e1s entre diferentes roles<br>o cuando vives entre dos culturas.<\/p>\n\n\n\n<p class=\"has-text-align-center\">Soy Franziska von Fraunberg, coach y terapeuta Gestalt (en formaci\u00f3n).<br>Te acompa\u00f1o a volver a conectar contigo misma.<\/p>\n\n\n\n<p class=\"has-text-align-center\">Sin soluciones r\u00e1pidas.<br>Con espacio, claridad y una mirada m\u00e1s profunda.<\/p>\n\n\n\n<p class=\"has-text-align-center\">Para que puedas tomar decisiones<br>que no solo funcionen en tu vida,<br>sino que tambi\u00e9n sean coherentes contigo.<\/p>\n\n\n\n<p class=\"has-text-align-center\">Trabajo especialmente con mujeres<br>que sostienen mucho en su vida<br>y que no quieren perderse a s\u00ed mismas en el camino.<\/p>\n\n\n\n<p class=\"has-text-align-center\">Si sientes que algo dentro de ti quiere cambiar,<br>quiz\u00e1s ese sea el comienzo de algo nuevo.<\/p>\n\n\n\n<figure class=\"wp-block-image size-large page-footer-lifter\"><img decoding=\"async\" src=\"https:\/\/coaching-vonfraunberg.com\/wp-content\/uploads\/2024\/01\/Portrait-Franziska-von-Fraunberg.jpg\" alt=\"Ablauf des Coachings mit Portrait Franziska von Fraunberg\"\/><\/figure>\n\n\n\n<div class=\"wp-block-group overlay-anchor alignfull page-footer centred is-layout-flow wp-block-group-is-layout-flow\">\n<figure class=\"wp-block-image size-full alignfull is-background\"><img decoding=\"async\" src=\"https:\/\/coaching-vonfraunberg.com\/wp-content\/uploads\/2022\/07\/Seitenfuss-Hintergrund-klein.png\" alt=\"\" class=\"wp-image-193\"\/><\/figure>\n\n\n\n<figure class=\"wp-block-image size-full alignfull finalization\"><img decoding=\"async\" src=\"https:\/\/coaching-vonfraunberg.com\/wp-content\/uploads\/2022\/07\/Seitenfuss-Hintergrund-Abschluss.png\" alt=\"\" class=\"wp-image-151\"\/><\/figure>\n\n\n\n<div class=\"wp-block-group overlay with-background single-track is-layout-flow wp-block-group-is-layout-flow\">\n<div style=\"height:10px\" aria-hidden=\"true\" class=\"wp-block-spacer\"><\/div>\n\n\n\n<div class=\"wp-block-group overlay-anchor button-container is-layout-flow wp-block-group-is-layout-flow\">\n<figure class=\"wp-block-image size-full\"><img decoding=\"async\" src=\"https:\/\/coaching-vonfraunberg.com\/wp-content\/uploads\/2022\/07\/Seitenfuss-Button.png\" alt=\"consulta inicial gratuita con Franziska von Fraunberg\" class=\"wp-image-142\"\/><\/figure>\n\n\n\n<div class=\"wp-block-group overlay is-layout-flow wp-block-group-is-layout-flow\">\n<div class=\"wp-block-buttons is-layout-flex wp-block-buttons-is-layout-flex\">\n<div class=\"wp-block-button\"><a class=\"wp-block-button__link\" href=\"\/es\/contacto\">Consulta inicial gratuita<\/a><\/div>\n<\/div>\n<\/div>\n<\/div>\n<\/div>\n<\/div>\n","protected":false},"excerpt":{"rendered":"<p>Reconocer potencial, descubrir perspectivas, recorrer nuevos caminos. Lo est\u00e1s sosteniendo todo.Pero\u2026 \u00bfcu\u00e1ndo eres t\u00fa la que importa? Organizas, cuidas, resuelves.Trabajo. Familia. Vida diaria. Y en medio de todo eso, es f\u00e1cil ir perdi\u00e9ndose un poco una misma. Tal vez te preguntas:\u00bfEsto es todo lo que hay?\u00bfO todav\u00eda hay algo en m\u00ed que quiere tomar otro [&hellip;]<\/p>\n","protected":false},"author":1,"featured_media":0,"parent":0,"menu_order":0,"comment_status":"closed","ping_status":"open","template":"","meta":{"footnotes":""},"class_list":["post-2","page","type-page","status-publish","hentry"],"_links":{"self":[{"href":"https:\/\/coaching-vonfraunberg.com\/es\/wp-json\/wp\/v2\/pages\/2","targetHints":{"allow":["GET"]}}],"collection":[{"href":"https:\/\/coaching-vonfraunberg.com\/es\/wp-json\/wp\/v2\/pages"}],"about":[{"href":"https:\/\/coaching-vonfraunberg.com\/es\/wp-json\/wp\/v2\/types\/page"}],"author":[{"embeddable":true,"href":"https:\/\/coaching-vonfraunberg.com\/es\/wp-json\/wp\/v2\/users\/1"}],"replies":[{"embeddable":true,"href":"https:\/\/coaching-vonfraunberg.com\/es\/wp-json\/wp\/v2\/comments?post=2"}],"version-history":[{"count":31,"href":"https:\/\/coaching-vonfraunberg.com\/es\/wp-json\/wp\/v2\/pages\/2\/revisions"}],"predecessor-version":[{"id":586,"href":"https:\/\/coaching-vonfraunberg.com\/es\/wp-json\/wp\/v2\/pages\/2\/revisions\/586"}],"wp:attachment":[{"href":"https:\/\/coaching-vonfraunberg.com\/es\/wp-json\/wp\/v2\/media?parent=2"}],"curies":[{"name":"wp","href":"https:\/\/api.w.org\/{rel}","templated":true}]}}